{"id":2182,"date":"2026-01-14T11:02:07","date_gmt":"2026-01-14T14:02:07","guid":{"rendered":"https:\/\/www.rodasil-angola.com\/loja\/?post_type=product&#038;p=2182"},"modified":"2026-01-14T11:02:07","modified_gmt":"2026-01-14T14:02:07","slug":"macbook-pro-retina-2015-core-i5-2-7-ghz","status":"publish","type":"product","link":"https:\/\/www.rodasil-angola.com\/loja\/produto\/macbook-pro-retina-2015-core-i5-2-7-ghz\/","title":{"rendered":"MACBOOK PRO RETINA 2015 CORE i5 2.7 GHZ"},"content":{"rendered":"<h2 data-start=\"780\" data-end=\"815\"><strong data-start=\"786\" data-end=\"815\">Principais Especifica\u00e7\u00f5es<\/strong><\/h2>\n<h3 data-start=\"817\" data-end=\"845\"><strong data-start=\"824\" data-end=\"845\">Processador (CPU)<\/strong><\/h3>\n<ul data-start=\"846\" data-end=\"1085\">\n<li data-start=\"846\" data-end=\"900\">\n<p data-start=\"848\" data-end=\"900\"><strong data-start=\"848\" data-end=\"883\">Intel Core i5 dual-core 2.7 GHz<\/strong> (modelo 5257U)<\/p>\n<\/li>\n<li data-start=\"901\" data-end=\"939\">\n<p data-start=\"903\" data-end=\"939\"><strong data-start=\"903\" data-end=\"937\">Intel Turbo Boost at\u00e9 ~3.1 GHz<\/strong><\/p>\n<\/li>\n<li data-start=\"940\" data-end=\"1085\">\n<p data-start=\"942\" data-end=\"1085\">Cache L3 de <strong data-start=\"954\" data-end=\"962\">3 MB<\/strong><br data-start=\"962\" data-end=\"965\" \/>Capaz de rodar macOS e aplicativos profissionais leves a moderados com fluidez.<\/p>\n<\/li>\n<\/ul>\n<hr data-start=\"1087\" data-end=\"1090\" \/>\n<h3 data-start=\"1092\" data-end=\"1108\"><strong data-start=\"1100\" data-end=\"1108\">Tela<\/strong><\/h3>\n<ul data-start=\"1109\" data-end=\"1342\">\n<li data-start=\"1109\" data-end=\"1152\">\n<p data-start=\"1111\" data-end=\"1152\"><strong data-start=\"1111\" data-end=\"1135\">13,3\u2033 Retina Display<\/strong> com painel IPS<\/p>\n<\/li>\n<li data-start=\"1153\" data-end=\"1342\">\n<p data-start=\"1155\" data-end=\"1342\"><strong data-start=\"1155\" data-end=\"1187\">2560 \u00d7 1600 pixels (227 ppi)<\/strong><br data-start=\"1187\" data-end=\"1190\" \/>Tela extremamente n\u00edtida e com cores vibrantes \u2014 \u00f3tima para fotos, v\u00eddeos, design e edi\u00e7\u00e3o visual b\u00e1sica\/m\u00e9dia.<\/p>\n<\/li>\n<\/ul>\n<hr data-start=\"1344\" data-end=\"1347\" \/>\n<h3 data-start=\"1349\" data-end=\"1373\"><strong data-start=\"1356\" data-end=\"1373\">Mem\u00f3ria (RAM)<\/strong><\/h3>\n<ul data-start=\"1374\" data-end=\"1621\">\n<li data-start=\"1374\" data-end=\"1414\">\n<p data-start=\"1376\" data-end=\"1414\"><strong data-start=\"1376\" data-end=\"1402\">8 GB LPDDR3 a 1866 MHz<\/strong> (soldada)<\/p>\n<\/li>\n<\/ul>\n<hr data-start=\"1623\" data-end=\"1626\" \/>\n<h3 data-start=\"1628\" data-end=\"1652\"><strong data-start=\"1635\" data-end=\"1652\">Armazenamento<\/strong><\/h3>\n<ul data-start=\"1653\" data-end=\"1873\">\n<li data-start=\"1653\" data-end=\"1873\">\n<p data-start=\"1655\" data-end=\"1873\"><strong data-start=\"1655\" data-end=\"1674\"><strong style=\"font-size: 16px;font-style: normal\" data-start=\"1691\" data-end=\"1711\">256 GB <\/strong>SSD PCIe r\u00e1pido<\/strong><br data-start=\"1734\" data-end=\"1737\" \/>SSD permite arranque r\u00e1pido do sistema, abertura imediata de apps e excelente velocidade geral.<\/p>\n<\/li>\n<\/ul>\n<hr data-start=\"1875\" data-end=\"1878\" \/>\n<h3 data-start=\"1880\" data-end=\"1900\"><strong data-start=\"1888\" data-end=\"1900\">Gr\u00e1ficos<\/strong><\/h3>\n<ul data-start=\"1901\" data-end=\"2147\">\n<li data-start=\"1901\" data-end=\"2147\">\n<p data-start=\"1903\" data-end=\"2147\"><strong data-start=\"1903\" data-end=\"1931\">Intel Iris Graphics 6100<\/strong> integrada<br data-start=\"1941\" data-end=\"1944\" \/>Boa para v\u00eddeos, edi\u00e7\u00e3o de imagem moderada e uso di\u00e1rio. N\u00e3o \u00e9 ideal para jogos pesados ou edi\u00e7\u00e3o 3D profissional, mas atende bem \u00e0 maioria das tarefas criativas.<\/p>\n<\/li>\n<\/ul>\n<hr data-start=\"2149\" data-end=\"2152\" \/>\n<h2 data-start=\"2154\" data-end=\"2186\"><strong data-start=\"2160\" data-end=\"2186\">Portas &amp; Conectividade<\/strong><\/h2>\n<ul data-start=\"2187\" data-end=\"2559\">\n<li data-start=\"2187\" data-end=\"2211\">\n<p data-start=\"2189\" data-end=\"2211\"><strong data-start=\"2189\" data-end=\"2209\">2\u00d7 Thunderbolt 2<\/strong><\/p>\n<\/li>\n<li data-start=\"2212\" data-end=\"2230\">\n<p data-start=\"2214\" data-end=\"2230\"><strong data-start=\"2214\" data-end=\"2228\">2\u00d7 USB 3.0<\/strong><\/p>\n<\/li>\n<li data-start=\"2231\" data-end=\"2243\">\n<p data-start=\"2233\" data-end=\"2243\"><strong data-start=\"2233\" data-end=\"2241\">HDMI<\/strong><\/p>\n<\/li>\n<li data-start=\"2244\" data-end=\"2273\">\n<p data-start=\"2246\" data-end=\"2273\"><strong data-start=\"2246\" data-end=\"2271\">Leitor de cart\u00e3o SDXC<\/strong><\/p>\n<\/li>\n<li data-start=\"2274\" data-end=\"2316\">\n<p data-start=\"2276\" data-end=\"2316\"><strong data-start=\"2276\" data-end=\"2314\">Entrada para fones\/\u00e1udio de 3.5 mm<\/strong><\/p>\n<\/li>\n<li data-start=\"2317\" data-end=\"2347\">\n<p data-start=\"2319\" data-end=\"2347\"><strong data-start=\"2319\" data-end=\"2332\">MagSafe 2<\/strong> para energia<\/p>\n<\/li>\n<li data-start=\"2348\" data-end=\"2559\">\n<p data-start=\"2350\" data-end=\"2559\"><strong data-start=\"2350\" data-end=\"2384\">Wi-Fi 802.11ac + Bluetooth 4.0<\/strong><br data-start=\"2384\" data-end=\"2387\" \/>Excelente conjunto de portas, muito melhor, em termos de conectividade, que modelos posteriores mais novos (que eliminaram portas).<\/p>\n<\/li>\n<\/ul>\n<hr data-start=\"2561\" data-end=\"2564\" \/>\n<h2 data-start=\"2566\" data-end=\"2595\"><strong data-start=\"2572\" data-end=\"2595\">Multim\u00eddia &amp; Extras<\/strong><\/h2>\n<ul data-start=\"2596\" data-end=\"2828\">\n<li data-start=\"2596\" data-end=\"2629\">\n<p data-start=\"2598\" data-end=\"2629\"><strong data-start=\"2598\" data-end=\"2627\">Webcam FaceTime HD (720p)<\/strong><\/p>\n<\/li>\n<li data-start=\"2630\" data-end=\"2660\">\n<p data-start=\"2632\" data-end=\"2660\"><strong data-start=\"2632\" data-end=\"2658\">Teclado retroiluminado<\/strong><\/p>\n<\/li>\n<li data-start=\"2661\" data-end=\"2828\">\n<p data-start=\"2663\" data-end=\"2828\"><strong data-start=\"2663\" data-end=\"2687\">Trackpad Force Touch<\/strong> (resposta t\u00e1til inteligente)<br data-start=\"2716\" data-end=\"2719\" \/>Perfeito para videoconfer\u00eancias, trabalho noturno e uso confort\u00e1vel.<\/p>\n<\/li>\n<\/ul>\n<hr data-start=\"2830\" data-end=\"2833\" \/>\n<h2 data-start=\"2835\" data-end=\"2865\"><strong data-start=\"2841\" data-end=\"2865\">Bateria &amp; Mobilidade<\/strong><\/h2>\n<ul data-start=\"2866\" data-end=\"3151\">\n<li data-start=\"2866\" data-end=\"2965\">\n<p data-start=\"2868\" data-end=\"2965\"><strong data-start=\"2868\" data-end=\"2897\">Bateria interna integrada<\/strong> com autonomia t\u00edpica muito boa para navega\u00e7\u00e3o web e trabalho leve<\/p>\n<\/li>\n<li data-start=\"2966\" data-end=\"3151\">\n<p data-start=\"2968\" data-end=\"3151\">Peso: <strong data-start=\"2974\" data-end=\"2992\">aprox. 1,58 kg<\/strong><br data-start=\"2992\" data-end=\"2995\" \/>\u00d3timo para quem precisa de um laptop potente e ainda assim f\u00e1cil de transportar para escola, trabalho ou viagens.<\/p>\n<\/li>\n<\/ul>\n<hr data-start=\"3153\" data-end=\"3156\" \/>\n<h2 data-start=\"3158\" data-end=\"3187\"><strong data-start=\"3164\" data-end=\"3187\">Sistema Operacional<\/strong><\/h2>\n<ul data-start=\"3188\" data-end=\"3403\">\n<li data-start=\"3188\" data-end=\"3403\">\n<p data-start=\"3190\" data-end=\"3403\"><strong data-start=\"3212\" data-end=\"3229\">MONTEREY<\/strong><\/p>\n<\/li>\n<\/ul>\n","protected":false},"excerpt":{"rendered":"<p>Principais Especifica\u00e7\u00f5es Processador (CPU) Intel Core i5 dual-core 2.7 GHz (modelo 5257U) Intel Turbo Boost at\u00e9 ~3.1 GHz Cache L3 de 3 MBCapaz de rodar macOS e aplicativos profissionais leves a moderados com fluidez. Tela 13,3\u2033 Retina Display com painel IPS 2560 \u00d7 1600 pixels (227 ppi)Tela extremamente n\u00edtida e com cores vibrantes \u2014 \u00f3tima [&hellip;]<\/p>\n","protected":false},"featured_media":2179,"comment_status":"closed","ping_status":"closed","template":"","meta":[],"product_brand":[],"product_cat":[52],"product_tag":[],"class_list":{"0":"post-2182","1":"product","2":"type-product","3":"status-publish","4":"has-post-thumbnail","6":"product_cat-informatica","8":"first","9":"instock","10":"sale","11":"shipping-taxable","12":"purchasable","13":"product-type-simple"},"_links":{"self":[{"href":"https:\/\/www.rodasil-angola.com\/loja\/wp-json\/wp\/v2\/product\/2182","targetHints":{"allow":["GET"]}}],"collection":[{"href":"https:\/\/www.rodasil-angola.com\/loja\/wp-json\/wp\/v2\/product"}],"about":[{"href":"https:\/\/www.rodasil-angola.com\/loja\/wp-json\/wp\/v2\/types\/product"}],"replies":[{"embeddable":true,"href":"https:\/\/www.rodasil-angola.com\/loja\/wp-json\/wp\/v2\/comments?post=2182"}],"version-history":[{"count":1,"href":"https:\/\/www.rodasil-angola.com\/loja\/wp-json\/wp\/v2\/product\/2182\/revisions"}],"predecessor-version":[{"id":2184,"href":"https:\/\/www.rodasil-angola.com\/loja\/wp-json\/wp\/v2\/product\/2182\/revisions\/2184"}],"wp:featuredmedia":[{"embeddable":true,"href":"https:\/\/www.rodasil-angola.com\/loja\/wp-json\/wp\/v2\/media\/2179"}],"wp:attachment":[{"href":"https:\/\/www.rodasil-angola.com\/loja\/wp-json\/wp\/v2\/media?parent=2182"}],"wp:term":[{"taxonomy":"product_brand","embeddable":true,"href":"https:\/\/www.rodasil-angola.com\/loja\/wp-json\/wp\/v2\/product_brand?post=2182"},{"taxonomy":"product_cat","embeddable":true,"href":"https:\/\/www.rodasil-angola.com\/loja\/wp-json\/wp\/v2\/product_cat?post=2182"},{"taxonomy":"product_tag","embeddable":true,"href":"https:\/\/www.rodasil-angola.com\/loja\/wp-json\/wp\/v2\/product_tag?post=2182"}],"curies":[{"name":"wp","href":"https:\/\/api.w.org\/{rel}","templated":true}]}}