{"id":2166,"date":"2026-01-14T09:51:13","date_gmt":"2026-01-14T12:51:13","guid":{"rendered":"https:\/\/www.rodasil-angola.com\/loja\/?post_type=product&#038;p=2166"},"modified":"2026-01-14T09:51:13","modified_gmt":"2026-01-14T12:51:13","slug":"dell-latitude-e7470-core-i5-6th","status":"publish","type":"product","link":"https:\/\/www.rodasil-angola.com\/loja\/produto\/dell-latitude-e7470-core-i5-6th\/","title":{"rendered":"DELL LATITUDE E7470 CORE i5 6th"},"content":{"rendered":"<h2 data-start=\"619\" data-end=\"654\"><strong data-start=\"625\" data-end=\"654\">Principais Especifica\u00e7\u00f5es<\/strong><\/h2>\n<h3 data-start=\"656\" data-end=\"678\"><strong data-start=\"663\" data-end=\"678\">Processador<\/strong><\/h3>\n<ul data-start=\"679\" data-end=\"971\">\n<li data-start=\"679\" data-end=\"719\">\n<p data-start=\"681\" data-end=\"719\"><strong data-start=\"681\" data-end=\"704\">Intel Core i5-6300U<\/strong> (6\u00aa gera\u00e7\u00e3o)<\/p>\n<\/li>\n<li data-start=\"720\" data-end=\"785\">\n<p data-start=\"722\" data-end=\"785\">Frequ\u00eancia base: <strong data-start=\"739\" data-end=\"750\">2,4 GHz<\/strong> com <strong data-start=\"755\" data-end=\"783\">Turbo Boost at\u00e9 ~3,0 GHz<\/strong><\/p>\n<\/li>\n<\/ul>\n<hr data-start=\"973\" data-end=\"976\" \/>\n<h3 data-start=\"978\" data-end=\"1002\"><strong data-start=\"985\" data-end=\"1002\">Mem\u00f3ria (RAM)<\/strong><\/h3>\n<ul data-start=\"1003\" data-end=\"1192\">\n<li data-start=\"1003\" data-end=\"1029\">\n<p data-start=\"1005\" data-end=\"1029\"><strong data-start=\"1005\" data-end=\"1027\">8 GB DDR4-2133 MHz<\/strong><\/p>\n<\/li>\n<li data-start=\"1030\" data-end=\"1192\">\n<p data-start=\"1032\" data-end=\"1192\">Suporta upgrade (at\u00e9 16 \u2013 32 GB dependendo da configura\u00e7\u00e3o)<\/p>\n<\/li>\n<\/ul>\n<hr data-start=\"1194\" data-end=\"1197\" \/>\n<h3 data-start=\"1199\" data-end=\"1223\"><strong data-start=\"1206\" data-end=\"1223\">Armazenamento<\/strong><\/h3>\n<ul data-start=\"1224\" data-end=\"1451\">\n<li data-start=\"1224\" data-end=\"1451\">\n<p data-start=\"1226\" data-end=\"1451\"><strong data-start=\"1226\" data-end=\"1271\">256 SSD<\/strong><\/p>\n<\/li>\n<\/ul>\n<hr data-start=\"1453\" data-end=\"1456\" \/>\n<h3 data-start=\"1458\" data-end=\"1474\"><strong data-start=\"1466\" data-end=\"1474\">Tela<\/strong><\/h3>\n<ul data-start=\"1475\" data-end=\"1678\">\n<li data-start=\"1475\" data-end=\"1523\">\n<p data-start=\"1477\" data-end=\"1523\"><strong data-start=\"1477\" data-end=\"1506\">14\u2033 Full HD (1920 \u00d7 1080)<\/strong> com painel LED<\/p>\n<\/li>\n<li data-start=\"1524\" data-end=\"1678\">\n<p data-start=\"1526\" data-end=\"1678\">Antirreflexo para conforto visual em longos per\u00edodos<\/p>\n<\/li>\n<\/ul>\n<hr data-start=\"1680\" data-end=\"1683\" \/>\n<h3 data-start=\"1685\" data-end=\"1704\"><strong data-start=\"1692\" data-end=\"1704\">Gr\u00e1ficos<\/strong><\/h3>\n<ul data-start=\"1705\" data-end=\"1885\">\n<li data-start=\"1705\" data-end=\"1885\">\n<p data-start=\"1707\" data-end=\"1885\"><strong data-start=\"1707\" data-end=\"1742\">Intel HD Graphics 520 integrada<\/strong><\/p>\n<\/li>\n<\/ul>\n<hr data-start=\"1887\" data-end=\"1890\" \/>\n<h2 data-start=\"1892\" data-end=\"1924\"><strong data-start=\"1898\" data-end=\"1924\">Conectividade &amp; Portas<\/strong><\/h2>\n<ul data-start=\"1925\" data-end=\"2275\">\n<li data-start=\"1925\" data-end=\"1943\">\n<p data-start=\"1927\" data-end=\"1943\"><strong data-start=\"1927\" data-end=\"1941\">3\u00d7 USB 3.0<\/strong><\/p>\n<\/li>\n<li data-start=\"1944\" data-end=\"1956\">\n<p data-start=\"1946\" data-end=\"1956\"><strong data-start=\"1946\" data-end=\"1954\">HDMI<\/strong><\/p>\n<\/li>\n<li data-start=\"1957\" data-end=\"1981\">\n<p data-start=\"1959\" data-end=\"1981\"><strong data-start=\"1959\" data-end=\"1979\">Mini DisplayPort<\/strong><\/p>\n<\/li>\n<li data-start=\"1982\" data-end=\"2004\">\n<p data-start=\"1984\" data-end=\"2004\"><strong data-start=\"1984\" data-end=\"2002\">Ethernet RJ-45<\/strong><\/p>\n<\/li>\n<li data-start=\"2005\" data-end=\"2032\">\n<p data-start=\"2007\" data-end=\"2032\"><strong data-start=\"2007\" data-end=\"2030\">Leitor de cart\u00e3o SD<\/strong><\/p>\n<\/li>\n<li data-start=\"2033\" data-end=\"2069\">\n<p data-start=\"2035\" data-end=\"2069\"><strong data-start=\"2035\" data-end=\"2067\">Combo \u00e1udio (fone\/microfone)<\/strong><\/p>\n<\/li>\n<li data-start=\"2070\" data-end=\"2130\">\n<p data-start=\"2072\" data-end=\"2130\">Opcional: <strong data-start=\"2082\" data-end=\"2102\">porta de docking<\/strong> para esta\u00e7\u00f5es de trabalho<\/p>\n<\/li>\n<li data-start=\"2131\" data-end=\"2275\">\n<p data-start=\"2133\" data-end=\"2275\"><strong data-start=\"2133\" data-end=\"2151\">Wi-Fi 802.11ac<\/strong> + <strong data-start=\"2154\" data-end=\"2167\">Bluetooth<\/strong><\/p>\n<\/li>\n<\/ul>\n<hr data-start=\"2277\" data-end=\"2280\" \/>\n<h2 data-start=\"2282\" data-end=\"2312\"><strong data-start=\"2288\" data-end=\"2312\">Multim\u00eddia &amp; Teclado<\/strong><\/h2>\n<ul data-start=\"2313\" data-end=\"2491\">\n<li data-start=\"2313\" data-end=\"2340\">\n<p data-start=\"2315\" data-end=\"2340\"><strong data-start=\"2315\" data-end=\"2338\">Webcam HD integrada<\/strong><\/p>\n<\/li>\n<li data-start=\"2341\" data-end=\"2491\">\n<p data-start=\"2343\" data-end=\"2491\"><strong data-start=\"2343\" data-end=\"2395\">Teclado confort\u00e1vel (ILUMINADO)<\/strong><br data-start=\"2395\" data-end=\"2398\" \/>Ideal para videoconfer\u00eancias e digita\u00e7\u00e3o prolongada.<\/p>\n<\/li>\n<\/ul>\n<hr data-start=\"2493\" data-end=\"2496\" \/>\n<h2 data-start=\"2498\" data-end=\"2531\"><strong data-start=\"2504\" data-end=\"2531\">Bateria &amp; Portabilidade<\/strong><\/h2>\n<ul data-start=\"2532\" data-end=\"2707\">\n<li data-start=\"2532\" data-end=\"2567\">\n<p data-start=\"2534\" data-end=\"2567\"><strong data-start=\"2534\" data-end=\"2567\">Bateria de 4 c\u00e9lulas (\u224855 Wh)<\/strong><\/p>\n<\/li>\n<li data-start=\"2568\" data-end=\"2707\">\n<p data-start=\"2570\" data-end=\"2707\">Peso aproximado: <strong data-start=\"2587\" data-end=\"2597\">1,5 kg<\/strong><br data-start=\"2597\" data-end=\"2600\" \/>Leve e f\u00e1cil de transportar no dia a dia corporativo ou acad\u00e9mico.<\/p>\n<\/li>\n<\/ul>\n<hr data-start=\"2709\" data-end=\"2712\" \/>\n<h2 data-start=\"2714\" data-end=\"2743\"><strong data-start=\"2720\" data-end=\"2743\">Sistema Operacional<\/strong><\/h2>\n<ul data-start=\"2744\" data-end=\"2879\">\n<li data-start=\"2744\" data-end=\"2879\">\n<p data-start=\"2746\" data-end=\"2879\"><strong data-start=\"2766\" data-end=\"2802\">Windows 11 Pro<\/strong><\/p>\n<\/li>\n<\/ul>\n","protected":false},"excerpt":{"rendered":"<p>Principais Especifica\u00e7\u00f5es Processador Intel Core i5-6300U (6\u00aa gera\u00e7\u00e3o) Frequ\u00eancia base: 2,4 GHz com Turbo Boost at\u00e9 ~3,0 GHz Mem\u00f3ria (RAM) 8 GB DDR4-2133 MHz Suporta upgrade (at\u00e9 16 \u2013 32 GB dependendo da configura\u00e7\u00e3o) Armazenamento 256 SSD Tela 14\u2033 Full HD (1920 \u00d7 1080) com painel LED Antirreflexo para conforto visual em longos per\u00edodos Gr\u00e1ficos [&hellip;]<\/p>\n","protected":false},"featured_media":2164,"comment_status":"closed","ping_status":"closed","template":"","meta":[],"product_brand":[],"product_cat":[52],"product_tag":[],"class_list":{"0":"post-2166","1":"product","2":"type-product","3":"status-publish","4":"has-post-thumbnail","6":"product_cat-informatica","8":"first","9":"instock","10":"sale","11":"shipping-taxable","12":"purchasable","13":"product-type-simple"},"_links":{"self":[{"href":"https:\/\/www.rodasil-angola.com\/loja\/wp-json\/wp\/v2\/product\/2166","targetHints":{"allow":["GET"]}}],"collection":[{"href":"https:\/\/www.rodasil-angola.com\/loja\/wp-json\/wp\/v2\/product"}],"about":[{"href":"https:\/\/www.rodasil-angola.com\/loja\/wp-json\/wp\/v2\/types\/product"}],"replies":[{"embeddable":true,"href":"https:\/\/www.rodasil-angola.com\/loja\/wp-json\/wp\/v2\/comments?post=2166"}],"version-history":[{"count":1,"href":"https:\/\/www.rodasil-angola.com\/loja\/wp-json\/wp\/v2\/product\/2166\/revisions"}],"predecessor-version":[{"id":2167,"href":"https:\/\/www.rodasil-angola.com\/loja\/wp-json\/wp\/v2\/product\/2166\/revisions\/2167"}],"wp:featuredmedia":[{"embeddable":true,"href":"https:\/\/www.rodasil-angola.com\/loja\/wp-json\/wp\/v2\/media\/2164"}],"wp:attachment":[{"href":"https:\/\/www.rodasil-angola.com\/loja\/wp-json\/wp\/v2\/media?parent=2166"}],"wp:term":[{"taxonomy":"product_brand","embeddable":true,"href":"https:\/\/www.rodasil-angola.com\/loja\/wp-json\/wp\/v2\/product_brand?post=2166"},{"taxonomy":"product_cat","embeddable":true,"href":"https:\/\/www.rodasil-angola.com\/loja\/wp-json\/wp\/v2\/product_cat?post=2166"},{"taxonomy":"product_tag","embeddable":true,"href":"https:\/\/www.rodasil-angola.com\/loja\/wp-json\/wp\/v2\/product_tag?post=2166"}],"curies":[{"name":"wp","href":"https:\/\/api.w.org\/{rel}","templated":true}]}}