{"id":2155,"date":"2026-01-14T08:45:13","date_gmt":"2026-01-14T11:45:13","guid":{"rendered":"https:\/\/www.rodasil-angola.com\/loja\/?post_type=product&#038;p=2155"},"modified":"2026-01-14T08:45:13","modified_gmt":"2026-01-14T11:45:13","slug":"lenovo-thinkpad-x1-yoga-core-i7-6th","status":"publish","type":"product","link":"https:\/\/www.rodasil-angola.com\/loja\/produto\/lenovo-thinkpad-x1-yoga-core-i7-6th\/","title":{"rendered":"LENOVO THINKPAD X1 YOGA CORE I7 6TH"},"content":{"rendered":"<h2 data-start=\"630\" data-end=\"665\"><strong data-start=\"636\" data-end=\"665\">Especifica\u00e7\u00f5es Principais<\/strong><\/h2>\n<h3 data-start=\"667\" data-end=\"695\"><strong data-start=\"674\" data-end=\"695\">Processador (CPU)<\/strong><\/h3>\n<ul data-start=\"696\" data-end=\"979\">\n<li data-start=\"696\" data-end=\"736\">\n<p data-start=\"698\" data-end=\"736\"><strong data-start=\"698\" data-end=\"734\">Intel Core i7-6600U (6\u00aa gera\u00e7\u00e3o)<\/strong><\/p>\n<\/li>\n<li data-start=\"737\" data-end=\"808\">\n<p data-start=\"739\" data-end=\"808\">Frequ\u00eancia base aprox. <strong data-start=\"762\" data-end=\"773\">2.6 GHz<\/strong>, com Turbo Boost at\u00e9 <strong data-start=\"795\" data-end=\"806\">3.4 GHz<\/strong><\/p>\n<\/li>\n<\/ul>\n<h3 data-start=\"981\" data-end=\"1005\"><strong data-start=\"988\" data-end=\"1005\">Mem\u00f3ria (RAM)<\/strong><\/h3>\n<ul data-start=\"1006\" data-end=\"1221\">\n<li data-start=\"1006\" data-end=\"1043\">\n<p data-start=\"1008\" data-end=\"1043\"><strong data-start=\"1008\" data-end=\"1041\">8 GB de RAM LPDDR3 (1866 MHz)<\/strong><\/p>\n<\/li>\n<li data-start=\"1044\" data-end=\"1221\">\n<p data-start=\"1046\" data-end=\"1221\">RAM normalmente <strong data-start=\"1062\" data-end=\"1081\">soldada \u00e0 placa<\/strong> (n\u00e3o expans\u00edvel)<\/p>\n<\/li>\n<\/ul>\n<h3 data-start=\"1223\" data-end=\"1247\"><strong data-start=\"1230\" data-end=\"1247\">Armazenamento<\/strong><\/h3>\n<ul data-start=\"1248\" data-end=\"1420\">\n<li data-start=\"1248\" data-end=\"1420\">\n<p data-start=\"1250\" data-end=\"1420\"><strong data-start=\"1250\" data-end=\"1277\">256 GB SSD (PCIe \/ M.2)<\/strong>.<\/p>\n<\/li>\n<\/ul>\n<h3 data-start=\"1422\" data-end=\"1448\"><strong data-start=\"1430\" data-end=\"1448\">Tela e Entrada<\/strong><\/h3>\n<ul data-start=\"1449\" data-end=\"1779\">\n<li data-start=\"1449\" data-end=\"1480\">\n<p data-start=\"1451\" data-end=\"1480\"><strong data-start=\"1451\" data-end=\"1478\">Tela de 14\u2033 TOUCHSCREEN<\/strong><\/p>\n<\/li>\n<li data-start=\"1481\" data-end=\"1535\">\n<p data-start=\"1483\" data-end=\"1535\">Resolu\u00e7\u00e3o <strong data-start=\"1493\" data-end=\"1518\">Full HD (1920 \u00d7 1080)<\/strong> com painel IPS<\/p>\n<\/li>\n<li data-start=\"1536\" data-end=\"1617\">\n<p data-start=\"1538\" data-end=\"1617\">Suporta <strong data-start=\"1546\" data-end=\"1571\">dobradi\u00e7a 360\u00b0 (Yoga)<\/strong> \u2192 usa como laptop, tenda, suporte ou tablet<\/p>\n<\/li>\n<li data-start=\"1618\" data-end=\"1779\">\n<p data-start=\"1620\" data-end=\"1779\">Suporte a <strong data-start=\"1630\" data-end=\"1649\">stylus (caneta)<\/strong> em muitos modelos<br data-start=\"1667\" data-end=\"1670\" \/>Ideal para anota\u00e7\u00f5es \u00e0 m\u00e3o, apresenta\u00e7\u00f5es e desenho leve com caneta.<\/p>\n<\/li>\n<\/ul>\n<h3 data-start=\"1781\" data-end=\"1800\"><strong data-start=\"1788\" data-end=\"1800\">Gr\u00e1ficos<\/strong><\/h3>\n<ul data-start=\"1801\" data-end=\"1980\">\n<li data-start=\"1801\" data-end=\"1980\">\n<p data-start=\"1803\" data-end=\"1980\"><strong data-start=\"1803\" data-end=\"1838\">Intel HD Graphics 520 integrada<\/strong><\/p>\n<\/li>\n<\/ul>\n<hr data-start=\"1982\" data-end=\"1985\" \/>\n<h2 data-start=\"1987\" data-end=\"2019\"><strong data-start=\"1993\" data-end=\"2019\">Portas e Conectividade<\/strong><\/h2>\n<ul data-start=\"2020\" data-end=\"2312\">\n<li data-start=\"2020\" data-end=\"2059\">\n<p data-start=\"2022\" data-end=\"2059\"><strong data-start=\"2022\" data-end=\"2041\">USB 3.0 \/ USB-A<\/strong> (v\u00e1rias portas)<\/p>\n<\/li>\n<li data-start=\"2060\" data-end=\"2110\">\n<p data-start=\"2062\" data-end=\"2110\"><strong data-start=\"2062\" data-end=\"2108\">USB-C \/ Thunderbolt (dependendo do modelo)<\/strong><\/p>\n<\/li>\n<li data-start=\"2111\" data-end=\"2145\">\n<p data-start=\"2113\" data-end=\"2145\"><strong data-start=\"2113\" data-end=\"2143\">HDMI e\/ou Mini DisplayPort<\/strong><\/p>\n<\/li>\n<li data-start=\"2146\" data-end=\"2178\">\n<p data-start=\"2148\" data-end=\"2178\"><strong data-start=\"2148\" data-end=\"2176\">Leitor de cart\u00e3o microSD<\/strong><\/p>\n<\/li>\n<li data-start=\"2179\" data-end=\"2312\">\n<p data-start=\"2181\" data-end=\"2312\"><strong data-start=\"2181\" data-end=\"2211\">Wi-Fi 802.11ac + Bluetooth<\/strong><\/p>\n<\/li>\n<\/ul>\n<hr data-start=\"2314\" data-end=\"2317\" \/>\n<h2 data-start=\"2319\" data-end=\"2365\"><strong data-start=\"2326\" data-end=\"2365\">Seguran\u00e7a e Benef\u00edcios Empresariais<\/strong><\/h2>\n<ul data-start=\"2366\" data-end=\"2664\">\n<li data-start=\"2366\" data-end=\"2427\">\n<p data-start=\"2368\" data-end=\"2427\"><strong data-start=\"2368\" data-end=\"2390\">ThinkPad cl\u00e1ssico:<\/strong> teclado confort\u00e1vel com TrackPoint<\/p>\n<\/li>\n<li data-start=\"2428\" data-end=\"2481\">\n<p data-start=\"2430\" data-end=\"2481\"><strong data-start=\"2430\" data-end=\"2479\">TPM e outras op\u00e7\u00f5es de seguran\u00e7a empresariais<\/strong><\/p>\n<\/li>\n<li data-start=\"2482\" data-end=\"2664\">\n<p data-start=\"2484\" data-end=\"2664\"><strong data-start=\"2484\" data-end=\"2530\">Webcam com cobertura f\u00edsica (ThinkShutter)<\/strong> em algumas vers\u00f5es<br data-start=\"2549\" data-end=\"2552\" \/>Destaque da linha ThinkPad: foco em durabilidade, conforto e seguran\u00e7a.<\/p>\n<\/li>\n<\/ul>\n<hr data-start=\"2666\" data-end=\"2669\" \/>\n<h2 data-start=\"2671\" data-end=\"2704\"><strong data-start=\"2677\" data-end=\"2704\">Bateria &amp; Portabilidade<\/strong><\/h2>\n<ul data-start=\"2705\" data-end=\"2892\">\n<li data-start=\"2705\" data-end=\"2751\">\n<p data-start=\"2707\" data-end=\"2751\"><strong data-start=\"2707\" data-end=\"2749\">Bateria de 4 c\u00e9lulas (aprox. 51-52 Wh)<\/strong><\/p>\n<\/li>\n<\/ul>\n<hr data-start=\"2894\" data-end=\"2897\" \/>\n<h2 data-start=\"2899\" data-end=\"2928\"><strong data-start=\"2905\" data-end=\"2928\">Sistema Operacional<\/strong><\/h2>\n<ul data-start=\"2929\" data-end=\"3075\">\n<li data-start=\"2929\" data-end=\"3075\">\n<p data-start=\"2931\" data-end=\"3075\"><strong data-start=\"2943\" data-end=\"2970\">Windows 10 Pro (64-bit)<\/strong> instalado, podendo ser atualizado para Windows 11 em muitos casos.<\/p>\n<\/li>\n<\/ul>\n","protected":false},"excerpt":{"rendered":"<p>Especifica\u00e7\u00f5es Principais Processador (CPU) Intel Core i7-6600U (6\u00aa gera\u00e7\u00e3o) Frequ\u00eancia base aprox. 2.6 GHz, com Turbo Boost at\u00e9 3.4 GHz Mem\u00f3ria (RAM) 8 GB de RAM LPDDR3 (1866 MHz) RAM normalmente soldada \u00e0 placa (n\u00e3o expans\u00edvel) Armazenamento 256 GB SSD (PCIe \/ M.2). Tela e Entrada Tela de 14\u2033 TOUCHSCREEN Resolu\u00e7\u00e3o Full HD (1920 \u00d7 [&hellip;]<\/p>\n","protected":false},"featured_media":2158,"comment_status":"closed","ping_status":"closed","template":"","meta":[],"product_brand":[],"product_cat":[52],"product_tag":[],"class_list":{"0":"post-2155","1":"product","2":"type-product","3":"status-publish","4":"has-post-thumbnail","6":"product_cat-informatica","8":"first","9":"instock","10":"sale","11":"shipping-taxable","12":"purchasable","13":"product-type-simple"},"_links":{"self":[{"href":"https:\/\/www.rodasil-angola.com\/loja\/wp-json\/wp\/v2\/product\/2155","targetHints":{"allow":["GET"]}}],"collection":[{"href":"https:\/\/www.rodasil-angola.com\/loja\/wp-json\/wp\/v2\/product"}],"about":[{"href":"https:\/\/www.rodasil-angola.com\/loja\/wp-json\/wp\/v2\/types\/product"}],"replies":[{"embeddable":true,"href":"https:\/\/www.rodasil-angola.com\/loja\/wp-json\/wp\/v2\/comments?post=2155"}],"version-history":[{"count":1,"href":"https:\/\/www.rodasil-angola.com\/loja\/wp-json\/wp\/v2\/product\/2155\/revisions"}],"predecessor-version":[{"id":2159,"href":"https:\/\/www.rodasil-angola.com\/loja\/wp-json\/wp\/v2\/product\/2155\/revisions\/2159"}],"wp:featuredmedia":[{"embeddable":true,"href":"https:\/\/www.rodasil-angola.com\/loja\/wp-json\/wp\/v2\/media\/2158"}],"wp:attachment":[{"href":"https:\/\/www.rodasil-angola.com\/loja\/wp-json\/wp\/v2\/media?parent=2155"}],"wp:term":[{"taxonomy":"product_brand","embeddable":true,"href":"https:\/\/www.rodasil-angola.com\/loja\/wp-json\/wp\/v2\/product_brand?post=2155"},{"taxonomy":"product_cat","embeddable":true,"href":"https:\/\/www.rodasil-angola.com\/loja\/wp-json\/wp\/v2\/product_cat?post=2155"},{"taxonomy":"product_tag","embeddable":true,"href":"https:\/\/www.rodasil-angola.com\/loja\/wp-json\/wp\/v2\/product_tag?post=2155"}],"curies":[{"name":"wp","href":"https:\/\/api.w.org\/{rel}","templated":true}]}}