{"id":2145,"date":"2026-01-13T16:08:11","date_gmt":"2026-01-13T19:08:11","guid":{"rendered":"https:\/\/www.rodasil-angola.com\/loja\/?post_type=product&#038;p=2145"},"modified":"2026-01-13T16:08:12","modified_gmt":"2026-01-13T19:08:12","slug":"hp-elitebook-840-g3-core-i7-6th-8-gb-ram","status":"publish","type":"product","link":"https:\/\/www.rodasil-angola.com\/loja\/produto\/hp-elitebook-840-g3-core-i7-6th-8-gb-ram\/","title":{"rendered":"HP ELITEBOOK 840 G3 CORE I7 6TH 8 GB RAM"},"content":{"rendered":"<h2 class=\"text-2xl font-bold mb-5\">Especifica\u00e7\u00f5es T\u00e9cnicas<\/h2>\n<div class=\"border-t border-lm-borderBlue p-2.5 bg-lm-lightGrayBlue lm-catalog-specs-row border-b border-lm-borderBlue\">\n<ul class=\"flex items-start lg:items-center justify-start gap-2 xl:gap-10 text-lg\">\n<li class=\"font-bold flex-shrink-0 w-max xl:w-36\">CPU<\/li>\n<li class=\"text-lm-lightBlue flex flex-col items-start\"><a class=\"flex flex-col lg:flex-row items-start lg:items-center justify-center gap-2 hover:text-lm-darkBlue\" href=\"https:\/\/laptopmedia.com\/gb\/processor\/intel-core-i7-6500u\/\">Intel Core i7-6500U<\/a><\/li>\n<\/ul>\n<\/div>\n<div class=\"lm-gpu-model p-2.5 bg-lm-lightGrayBlue lm-catalog-specs-row border-b border-lm-borderBlue\">\n<ul class=\"flex items-start lg:items-center justify-start gap-2 xl:gap-10 text-lg\">\n<li class=\"font-bold flex-shrink-0 w-max xl:w-36\">GPU<\/li>\n<li class=\"text-lm-lightBlue flex flex-col items-start\"><a class=\"flex flex-col lg:flex-row items-start lg:items-center justify-center gap-2 hover:text-lm-darkBlue\" href=\"https:\/\/laptopmedia.com\/gb\/video-card\/intel-hd-graphics-520\/\"><span>Intel HD Graphics 520<\/span><span class=\"badge-specs text-white\">#356 em GPUs Top<\/span><\/a><\/li>\n<\/ul>\n<\/div>\n<div class=\"lm-display-model p-2.5 bg-lm-lightGrayBlue lm-catalog-specs-row border-b border-lm-borderBlue\">\n<ul class=\"flex items-center justify-start gap-2 xl:gap-10 text-lg\">\n<li class=\"font-bold flex-shrink-0 w-max xl:w-36\">Exibi\u00e7\u00e3o<\/li>\n<li class=\"text-lm-lightBlue flex flex-col items-start\">\n<div><a class=\"flex items-center justify-center gap-2 hover:text-lm-darkBlue\" href=\"https:\/\/laptopmedia.com\/gb\/screen\/14-0-qhd-2560-x-1140-tn\/\">14,0&#8243;, QHD (2560 x 1440), TN<\/a><\/div>\n<\/li>\n<\/ul>\n<\/div>\n<div class=\"lm-gpu-model p-2.5 bg-lm-lightGrayBlue lm-catalog-specs-row border-b border-lm-borderBlue\">\n<ul class=\"flex items-center justify-start gap-2 xl:gap-10 text-lg\">\n<li class=\"font-bold flex-shrink-0 w-32 xl:w-36\">HDD\/SSD<\/li>\n<li>SSD de 512GB + HDD de 1TB, 5400 rpm<\/li>\n<\/ul>\n<\/div>\n<div class=\"lm-gpu-model p-2.5 bg-lm-lightGrayBlue lm-catalog-specs-row border-b border-lm-borderBlue\">\n<ul class=\"flex items-center justify-start gap-2 xl:gap-10 text-lg\">\n<li class=\"font-bold flex-shrink-0 w-32 xl:w-36\">M.2 Slot<\/li>\n<li>1x 2280 (tecla M)<\/li>\n<\/ul>\n<\/div>\n<div class=\"lm-gpu-model p-2.5 bg-lm-lightGrayBlue lm-catalog-specs-row border-b border-lm-borderBlue\">\n<ul class=\"flex items-center justify-start gap-2 xl:gap-10 text-lg\">\n<li class=\"font-bold flex-shrink-0 w-32 xl:w-36\">RAM<\/li>\n<li>16GB<\/li>\n<\/ul>\n<\/div>\n<div class=\"lm-gpu-model p-2.5 bg-lm-lightGrayBlue lm-catalog-specs-row border-b border-lm-borderBlue\">\n<ul class=\"flex items-center justify-start gap-2 xl:gap-10 text-lg\">\n<li class=\"font-bold flex-shrink-0 w-32 xl:w-36\">OS<\/li>\n<li>Windows 10 Pro<\/li>\n<\/ul>\n<\/div>\n<div class=\"lm-gpu-model p-2.5 bg-lm-lightGrayBlue lm-catalog-specs-row border-b border-lm-borderBlue\">\n<ul class=\"flex items-center justify-start gap-2 xl:gap-10 text-lg\">\n<li class=\"font-bold flex-shrink-0 w-32 xl:w-36\">Dimens\u00f5es<\/li>\n<li>338 x 237 x 19 mm (13,31&#8243; x 9,33&#8243; x 0,75&#8243;)<\/li>\n<\/ul>\n<\/div>\n<div class=\"lm-gpu-model p-2.5 bg-lm-lightGrayBlue lm-catalog-specs-row border-b border-lm-borderBlue\">\n<ul class=\"flex items-center justify-start gap-2 xl:gap-10 text-lg\">\n<li class=\"font-bold flex-shrink-0 w-32 xl:w-36\">Peso<\/li>\n<li>1,48 kg (3,3 lbs)<\/li>\n<\/ul>\n<\/div>\n<div class=\"lm-ports-model grid grid-cols-1 gap-0 xl:grid-cols-2 xl:gap-5\">\n<div class=\"ports-and-features\">\n<ul class=\"flex items-center justify-start gap-2 xl:gap-10 text-lg lm-catalog-specs-row border-b border-lm-borderBlue p-2.5 bg-lm-lightGrayBlue\">\n<li class=\"font-bold w-max\">Portos e conectividade<\/li>\n<\/ul>\n<ul class=\"lm-spec border-l border-r border-b border-lm-borderBlue lmIcon-usbA flex items-center justify-start p-2.5 gap-1 text-base\">\n<li class=\"font-bold flex-shrink-0 w-36\">2x USB Tipo-A<\/li>\n<li>3.2 Gen 1 (5 Gbps)<\/li>\n<\/ul>\n<ul class=\"lm-spec border-l border-r border-b border-lm-borderBlue lmIcon-usbA flex items-center justify-start p-2.5 gap-1 text-base\">\n<li class=\"font-bold flex-shrink-0 w-36\">1x USB Tipo-C<\/li>\n<li>3.2 Gen 1 (5 Gbps)<\/li>\n<li class=\"icon-displayport-full\"><strong>DisplayPort<\/strong>\u00a0<i class=\"fa fa-check\"><\/i><\/li>\n<\/ul>\n<ul class=\"lm-spec border-l border-r border-b border-lm-borderBlue lmIcon-miniDp flex items-center justify-start p-2.5 gap-1 text-base\">\n<li class=\"font-bold flex-shrink-0 w-36\">DisplayPort<\/li>\n<li><\/li>\n<\/ul>\n<ul class=\"lm-spec border-l border-r border-b border-lm-borderBlue lmIcon-cardReader flex items-center justify-start p-2.5 gap-1 text-base\">\n<li class=\"font-bold flex-shrink-0 w-36\">Leitor de cart\u00e3o<\/li>\n<li>SD, SDHC, SDXC<\/li>\n<\/ul>\n<ul class=\"lm-spec border-l border-r border-b border-lm-borderBlue lmIcon-lan flex items-center justify-start p-2.5 gap-1 text-base\">\n<li class=\"font-bold flex-shrink-0 w-36\">Ethernet LAN<\/li>\n<li>10\/100\/1000<\/li>\n<\/ul>\n<ul class=\"lm-spec border-l border-r border-b border-lm-borderBlue lmIcon-wifi flex items-center justify-start p-2.5 gap-1 text-base\">\n<li class=\"font-bold flex-shrink-0 w-36\">Wi-Fi<\/li>\n<li>802.11 A\/B\/G\/N\/AC (2&#215;2)<\/li>\n<\/ul>\n<ul class=\"lm-spec border-l border-r border-b border-lm-borderBlue lmIcon-bluetooth flex items-center justify-start p-2.5 gap-1 text-base\">\n<li class=\"font-bold flex-shrink-0 w-36\">Bluetooth<\/li>\n<li>4.2<\/li>\n<\/ul>\n<ul class=\"lm-spec border-l border-r border-b border-lm-borderBlue lmIcon-audioJack flex items-center justify-start p-2.5 gap-1 text-base\">\n<li class=\"font-bold flex-shrink-0 w-36\">Entrada de \u00e1udio<\/li>\n<li>Jack de 3,5 mm<\/li>\n<\/ul>\n<ul class=\"lm-spec border-l border-r border-b border-lm-borderBlue flex items-center justify-start p-2.5 gap-1 text-base\">\n<li class=\"font-bold flex-shrink-0 w-36\">1 conector de acoplamento<\/li>\n<li><\/li>\n<\/ul>\n<\/div>\n<div class=\"ports-and-features\">\n<ul class=\"flex items-center justify-start gap-2 xl:gap-10 text-lg lmIm-catalog-specs-row border-b border-lm-borderBlue p-2.5 bg-lm-lightGrayBlue\">\n<li class=\"font-bold w-max\">Caracter\u00edsticas<\/li>\n<\/ul>\n<ul class=\"lm-spec border-l border-r border-b border-lm-borderBlue lmIcon-cam flex items-center justify-start p-2.5 gap-1 text-base\">\n<li class=\"font-bold flex-shrink-0 w-36\">C\u00e2mera web<\/li>\n<li>720p<\/li>\n<\/ul>\n<ul class=\"lm-spec border-l border-r border-b border-lm-borderBlue lmIcon-mic flex items-center justify-start p-2.5 gap-1 text-base\">\n<li class=\"font-bold flex-shrink-0 w-36\">Microfone<\/li>\n<li><\/li>\n<\/ul>\n<ul class=\"lm-spec border-l border-r border-b border-lm-borderBlue lmIcon-speakers flex items-center justify-start p-2.5 gap-1 text-base\">\n<li class=\"font-bold flex-shrink-0 w-36\">Falantes<\/li>\n<li>2x Bang &amp; Olufsen<\/li>\n<\/ul>\n<ul class=\"lm-spec border-l border-r border-b border-lm-borderBlue lmIcon-securityLock flex items-center justify-start p-2.5 gap-1 text-base\">\n<li class=\"font-bold flex-shrink-0 w-36\">Slot de trava de seguran\u00e7a<\/li>\n<\/ul>\n<\/div>\n<\/div>\n","protected":false},"excerpt":{"rendered":"<p>Especifica\u00e7\u00f5es T\u00e9cnicas CPU Intel Core i7-6500U GPU Intel HD Graphics 520#356 em GPUs Top Exibi\u00e7\u00e3o 14,0&#8243;, QHD (2560 x 1440), TN HDD\/SSD SSD de 512GB + HDD de 1TB, 5400 rpm M.2 Slot 1x 2280 (tecla M) RAM 16GB OS Windows 10 Pro Dimens\u00f5es 338 x 237 x 19 mm (13,31&#8243; x 9,33&#8243; x 0,75&#8243;) [&hellip;]<\/p>\n","protected":false},"featured_media":2146,"comment_status":"closed","ping_status":"closed","template":"","meta":[],"product_brand":[],"product_cat":[52],"product_tag":[],"class_list":{"0":"post-2145","1":"product","2":"type-product","3":"status-publish","4":"has-post-thumbnail","6":"product_cat-informatica","8":"first","9":"instock","10":"sale","11":"shipping-taxable","12":"purchasable","13":"product-type-simple"},"_links":{"self":[{"href":"https:\/\/www.rodasil-angola.com\/loja\/wp-json\/wp\/v2\/product\/2145","targetHints":{"allow":["GET"]}}],"collection":[{"href":"https:\/\/www.rodasil-angola.com\/loja\/wp-json\/wp\/v2\/product"}],"about":[{"href":"https:\/\/www.rodasil-angola.com\/loja\/wp-json\/wp\/v2\/types\/product"}],"replies":[{"embeddable":true,"href":"https:\/\/www.rodasil-angola.com\/loja\/wp-json\/wp\/v2\/comments?post=2145"}],"version-history":[{"count":1,"href":"https:\/\/www.rodasil-angola.com\/loja\/wp-json\/wp\/v2\/product\/2145\/revisions"}],"predecessor-version":[{"id":2150,"href":"https:\/\/www.rodasil-angola.com\/loja\/wp-json\/wp\/v2\/product\/2145\/revisions\/2150"}],"wp:featuredmedia":[{"embeddable":true,"href":"https:\/\/www.rodasil-angola.com\/loja\/wp-json\/wp\/v2\/media\/2146"}],"wp:attachment":[{"href":"https:\/\/www.rodasil-angola.com\/loja\/wp-json\/wp\/v2\/media?parent=2145"}],"wp:term":[{"taxonomy":"product_brand","embeddable":true,"href":"https:\/\/www.rodasil-angola.com\/loja\/wp-json\/wp\/v2\/product_brand?post=2145"},{"taxonomy":"product_cat","embeddable":true,"href":"https:\/\/www.rodasil-angola.com\/loja\/wp-json\/wp\/v2\/product_cat?post=2145"},{"taxonomy":"product_tag","embeddable":true,"href":"https:\/\/www.rodasil-angola.com\/loja\/wp-json\/wp\/v2\/product_tag?post=2145"}],"curies":[{"name":"wp","href":"https:\/\/api.w.org\/{rel}","templated":true}]}}