{"id":2134,"date":"2026-01-13T15:11:18","date_gmt":"2026-01-13T18:11:18","guid":{"rendered":"https:\/\/www.rodasil-angola.com\/loja\/?post_type=product&#038;p=2134"},"modified":"2026-01-13T15:11:19","modified_gmt":"2026-01-13T18:11:19","slug":"dell-latitude-7390-2-in-1-core-i5-8th","status":"publish","type":"product","link":"https:\/\/www.rodasil-angola.com\/loja\/produto\/dell-latitude-7390-2-in-1-core-i5-8th\/","title":{"rendered":"DELL LATITUDE 7390 2 IN 1 CORE I5 8TH"},"content":{"rendered":"<div>&#8211; CPU: Intel Core<strong>\u00a0i5 8350U<\/strong>\u00a04-core 8-thread turbo smooth 3,60Ghz<\/div>\n<div><\/div>\n<div>&#8211;<strong>\u00a016GB de RAM<\/strong>\u00a0atende bem \u00e0s tarefas do escrit\u00f3rio, essa linha \u00e9 RAM onmain, a vers\u00e3o de 16GB \u00e9 RAM m\u00e1xima<\/div>\n<div><\/div>\n<div>&#8211; SSD Nvme\u00a0<strong>ultra-r\u00e1pido de 256GB<\/strong><\/div>\n<div><\/div>\n<div>&#8211; Tela\u00a0<strong>FULL HD multi-touch de 13,3 polegadas<\/strong>, dobr\u00e1vel em 360 graus em um tablet<\/div>\n<div><\/div>\n<div>&#8211; Teclas totalmente brilhantes, webcam, c\u00e2mera de seguran\u00e7a IR,&#8230;<\/div>\n","protected":false},"excerpt":{"rendered":"<p>&#8211; CPU: Intel Core\u00a0i5 8350U\u00a04-core 8-thread turbo smooth 3,60Ghz &#8211;\u00a016GB de RAM\u00a0atende bem \u00e0s tarefas do escrit\u00f3rio, essa linha \u00e9 RAM onmain, a vers\u00e3o de 16GB \u00e9 RAM m\u00e1xima &#8211; SSD Nvme\u00a0ultra-r\u00e1pido de 256GB &#8211; Tela\u00a0FULL HD multi-touch de 13,3 polegadas, dobr\u00e1vel em 360 graus em um tablet &#8211; Teclas totalmente brilhantes, webcam, c\u00e2mera de [&hellip;]<\/p>\n","protected":false},"featured_media":2136,"comment_status":"closed","ping_status":"closed","template":"","meta":[],"product_brand":[],"product_cat":[52],"product_tag":[],"class_list":{"0":"post-2134","1":"product","2":"type-product","3":"status-publish","4":"has-post-thumbnail","6":"product_cat-informatica","8":"first","9":"instock","10":"sale","11":"shipping-taxable","12":"purchasable","13":"product-type-simple"},"_links":{"self":[{"href":"https:\/\/www.rodasil-angola.com\/loja\/wp-json\/wp\/v2\/product\/2134","targetHints":{"allow":["GET"]}}],"collection":[{"href":"https:\/\/www.rodasil-angola.com\/loja\/wp-json\/wp\/v2\/product"}],"about":[{"href":"https:\/\/www.rodasil-angola.com\/loja\/wp-json\/wp\/v2\/types\/product"}],"replies":[{"embeddable":true,"href":"https:\/\/www.rodasil-angola.com\/loja\/wp-json\/wp\/v2\/comments?post=2134"}],"version-history":[{"count":1,"href":"https:\/\/www.rodasil-angola.com\/loja\/wp-json\/wp\/v2\/product\/2134\/revisions"}],"predecessor-version":[{"id":2139,"href":"https:\/\/www.rodasil-angola.com\/loja\/wp-json\/wp\/v2\/product\/2134\/revisions\/2139"}],"wp:featuredmedia":[{"embeddable":true,"href":"https:\/\/www.rodasil-angola.com\/loja\/wp-json\/wp\/v2\/media\/2136"}],"wp:attachment":[{"href":"https:\/\/www.rodasil-angola.com\/loja\/wp-json\/wp\/v2\/media?parent=2134"}],"wp:term":[{"taxonomy":"product_brand","embeddable":true,"href":"https:\/\/www.rodasil-angola.com\/loja\/wp-json\/wp\/v2\/product_brand?post=2134"},{"taxonomy":"product_cat","embeddable":true,"href":"https:\/\/www.rodasil-angola.com\/loja\/wp-json\/wp\/v2\/product_cat?post=2134"},{"taxonomy":"product_tag","embeddable":true,"href":"https:\/\/www.rodasil-angola.com\/loja\/wp-json\/wp\/v2\/product_tag?post=2134"}],"curies":[{"name":"wp","href":"https:\/\/api.w.org\/{rel}","templated":true}]}}