{"id":2131,"date":"2026-01-13T12:02:53","date_gmt":"2026-01-13T15:02:53","guid":{"rendered":"https:\/\/www.rodasil-angola.com\/loja\/?post_type=product&#038;p=2131"},"modified":"2026-01-13T12:02:54","modified_gmt":"2026-01-13T15:02:54","slug":"hp-folio-1040-g3-core-i7-6th-8-gb-ram","status":"publish","type":"product","link":"https:\/\/www.rodasil-angola.com\/loja\/produto\/hp-folio-1040-g3-core-i7-6th-8-gb-ram\/","title":{"rendered":"HP FOLIO 1040 G3 CORE I7 6TH 8 GB RAM"},"content":{"rendered":"<p>HP Elitebook Folio 1040 G3<\/p>\n<p>Display de 14,1&#8243; polegadas<\/p>\n<p>Core i7 6\u00aa Gera\u00e7\u00e3o<\/p>\n<p>Processador: Turbo Boost de 2,70Ghz at\u00e9 3,3Ghz<\/p>\n<p>16GB 2133mhz DDR4 RAM (Voc\u00ea pode atualizar at\u00e9 8GB, 12GB ou 16GB)<\/p>\n<p>SSD m.2 de 512GB (Unidade de Estado S\u00f3lido)<\/p>\n<p>C\u00e2mera HD, WiFi, porta USB 3.0 e USB C Tipo, microfone embutido Leitor<br \/>\nde cart\u00e3o SD<\/p>\n<p>Alto-falantes Bang &amp; Olufsen<\/p>\n<p>3-5 horas de bateria reserva em v\u00eddeo<\/p>\n","protected":false},"excerpt":{"rendered":"<p>HP Elitebook Folio 1040 G3 Display de 14,1&#8243; polegadas Core i7 6\u00aa Gera\u00e7\u00e3o Processador: Turbo Boost de 2,70Ghz at\u00e9 3,3Ghz 16GB 2133mhz DDR4 RAM (Voc\u00ea pode atualizar at\u00e9 8GB, 12GB ou 16GB) SSD m.2 de 512GB (Unidade de Estado S\u00f3lido) C\u00e2mera HD, WiFi, porta USB 3.0 e USB C Tipo, microfone embutido Leitor de cart\u00e3o [&hellip;]<\/p>\n","protected":false},"featured_media":2132,"comment_status":"closed","ping_status":"closed","template":"","meta":[],"product_brand":[],"product_cat":[52],"product_tag":[],"class_list":{"0":"post-2131","1":"product","2":"type-product","3":"status-publish","4":"has-post-thumbnail","6":"product_cat-informatica","8":"first","9":"instock","10":"sale","11":"shipping-taxable","12":"purchasable","13":"product-type-simple"},"_links":{"self":[{"href":"https:\/\/www.rodasil-angola.com\/loja\/wp-json\/wp\/v2\/product\/2131","targetHints":{"allow":["GET"]}}],"collection":[{"href":"https:\/\/www.rodasil-angola.com\/loja\/wp-json\/wp\/v2\/product"}],"about":[{"href":"https:\/\/www.rodasil-angola.com\/loja\/wp-json\/wp\/v2\/types\/product"}],"replies":[{"embeddable":true,"href":"https:\/\/www.rodasil-angola.com\/loja\/wp-json\/wp\/v2\/comments?post=2131"}],"version-history":[{"count":2,"href":"https:\/\/www.rodasil-angola.com\/loja\/wp-json\/wp\/v2\/product\/2131\/revisions"}],"predecessor-version":[{"id":2135,"href":"https:\/\/www.rodasil-angola.com\/loja\/wp-json\/wp\/v2\/product\/2131\/revisions\/2135"}],"wp:featuredmedia":[{"embeddable":true,"href":"https:\/\/www.rodasil-angola.com\/loja\/wp-json\/wp\/v2\/media\/2132"}],"wp:attachment":[{"href":"https:\/\/www.rodasil-angola.com\/loja\/wp-json\/wp\/v2\/media?parent=2131"}],"wp:term":[{"taxonomy":"product_brand","embeddable":true,"href":"https:\/\/www.rodasil-angola.com\/loja\/wp-json\/wp\/v2\/product_brand?post=2131"},{"taxonomy":"product_cat","embeddable":true,"href":"https:\/\/www.rodasil-angola.com\/loja\/wp-json\/wp\/v2\/product_cat?post=2131"},{"taxonomy":"product_tag","embeddable":true,"href":"https:\/\/www.rodasil-angola.com\/loja\/wp-json\/wp\/v2\/product_tag?post=2131"}],"curies":[{"name":"wp","href":"https:\/\/api.w.org\/{rel}","templated":true}]}}