{"id":2113,"date":"2026-01-13T09:20:28","date_gmt":"2026-01-13T12:20:28","guid":{"rendered":"https:\/\/www.rodasil-angola.com\/loja\/?post_type=product&#038;p=2113"},"modified":"2026-01-13T09:47:32","modified_gmt":"2026-01-13T12:47:32","slug":"dell-latitude-5400-corei5-8th-256-gb-ssd","status":"publish","type":"product","link":"https:\/\/www.rodasil-angola.com\/loja\/produto\/dell-latitude-5400-corei5-8th-256-gb-ssd\/","title":{"rendered":"DELL LATITUDE 5400  COREI5 8TH  256 GB SSD"},"content":{"rendered":"<p>INFORMA\u00c7\u00d5ES T\u00c9CNICAS<\/p>\n<p>Refer\u00eancia:\u00a024040B<br \/>\nMarca:\u00a0Dell<br \/>\nModelo:\u00a0Latitude 5400<br \/>\nProcessador:\u00a0Intel\u00ae\u00a0Core i5-8365U &#8211; 4 n\u00facleos<br \/>\nFrequ\u00eancia de Processamento(clock):\u00a01.6GHz (Turbo boost at\u00e9 4.1GHz)<br \/>\nMem\u00f3ria RAM:\u00a016GB &#8211;\u00a0DDR4 2400MHz<br \/>\nHard Disk(SSD):\u00a0256GB &#8211; NVMe M.2<br \/>\nLeitor e Gravador:\u00a0N\u00e3o possui<br \/>\nTamanho da Tela:\u00a014 polegadas<br \/>\nTouchscreen:\u00a0N\u00e3o possui<br \/>\nWebcam:\u00a0Sim, integrada<br \/>\nV\u00eddeo:\u00a0Intel UHD Graphics 620<br \/>\nTeclado:\u00a0ABNT 2 &#8211; Portugu\u00eas &#8211; Retroiluminado<br \/>\nMouse:\u00a0Touchpad<br \/>\nPorta VGA:\u00a0N\u00e3o possui<br \/>\nBluetooth:\u00a0Possui<br \/>\nConex\u00e3o Wifi:\u00a0Possui, 2.4\/5GHz<br \/>\nHDMI:\u00a0Possui, 1x<br \/>\nUSB:\u00a0Possui, 3x (3.1)\u00a0e 1x (USB-C)<br \/>\nLeitor de Cart\u00e3o:\u00a0Possui, MicroSD<br \/>\nEntrada para fone e microfone:\u00a0Possui<br \/>\nRJ-45:\u00a0Possui &#8211; 10\/100\/1000<br \/>\nResolu\u00e7\u00e3o m\u00e1xima da tela:\u00a01920&#215;1080- Full HD<br \/>\nBateria:\u00a0Perfeita (superior a 3 horas)<br \/>\nSistema Operacional:\u00a0Windows 11 Pro 64 Bits<\/p>\n<p>Acompanha:\u00a0Carregador.<\/p>\n","protected":false},"excerpt":{"rendered":"<p>INFORMA\u00c7\u00d5ES T\u00c9CNICAS Refer\u00eancia:\u00a024040B Marca:\u00a0Dell Modelo:\u00a0Latitude 5400 Processador:\u00a0Intel\u00ae\u00a0Core i5-8365U &#8211; 4 n\u00facleos Frequ\u00eancia de Processamento(clock):\u00a01.6GHz (Turbo boost at\u00e9 4.1GHz) Mem\u00f3ria RAM:\u00a016GB &#8211;\u00a0DDR4 2400MHz Hard Disk(SSD):\u00a0256GB &#8211; NVMe M.2 Leitor e Gravador:\u00a0N\u00e3o possui Tamanho da Tela:\u00a014 polegadas Touchscreen:\u00a0N\u00e3o possui Webcam:\u00a0Sim, integrada V\u00eddeo:\u00a0Intel UHD Graphics 620 Teclado:\u00a0ABNT 2 &#8211; Portugu\u00eas &#8211; Retroiluminado Mouse:\u00a0Touchpad Porta VGA:\u00a0N\u00e3o possui Bluetooth:\u00a0Possui Conex\u00e3o [&hellip;]<\/p>\n","protected":false},"featured_media":2114,"comment_status":"closed","ping_status":"closed","template":"","meta":[],"product_brand":[],"product_cat":[52],"product_tag":[],"class_list":{"0":"post-2113","1":"product","2":"type-product","3":"status-publish","4":"has-post-thumbnail","6":"product_cat-informatica","8":"first","9":"instock","10":"sale","11":"shipping-taxable","12":"purchasable","13":"product-type-simple"},"_links":{"self":[{"href":"https:\/\/www.rodasil-angola.com\/loja\/wp-json\/wp\/v2\/product\/2113","targetHints":{"allow":["GET"]}}],"collection":[{"href":"https:\/\/www.rodasil-angola.com\/loja\/wp-json\/wp\/v2\/product"}],"about":[{"href":"https:\/\/www.rodasil-angola.com\/loja\/wp-json\/wp\/v2\/types\/product"}],"replies":[{"embeddable":true,"href":"https:\/\/www.rodasil-angola.com\/loja\/wp-json\/wp\/v2\/comments?post=2113"}],"version-history":[{"count":1,"href":"https:\/\/www.rodasil-angola.com\/loja\/wp-json\/wp\/v2\/product\/2113\/revisions"}],"predecessor-version":[{"id":2119,"href":"https:\/\/www.rodasil-angola.com\/loja\/wp-json\/wp\/v2\/product\/2113\/revisions\/2119"}],"wp:featuredmedia":[{"embeddable":true,"href":"https:\/\/www.rodasil-angola.com\/loja\/wp-json\/wp\/v2\/media\/2114"}],"wp:attachment":[{"href":"https:\/\/www.rodasil-angola.com\/loja\/wp-json\/wp\/v2\/media?parent=2113"}],"wp:term":[{"taxonomy":"product_brand","embeddable":true,"href":"https:\/\/www.rodasil-angola.com\/loja\/wp-json\/wp\/v2\/product_brand?post=2113"},{"taxonomy":"product_cat","embeddable":true,"href":"https:\/\/www.rodasil-angola.com\/loja\/wp-json\/wp\/v2\/product_cat?post=2113"},{"taxonomy":"product_tag","embeddable":true,"href":"https:\/\/www.rodasil-angola.com\/loja\/wp-json\/wp\/v2\/product_tag?post=2113"}],"curies":[{"name":"wp","href":"https:\/\/api.w.org\/{rel}","templated":true}]}}