{"id":2109,"date":"2026-01-13T08:33:50","date_gmt":"2026-01-13T11:33:50","guid":{"rendered":"https:\/\/www.rodasil-angola.com\/loja\/?post_type=product&#038;p=2109"},"modified":"2026-01-14T11:22:40","modified_gmt":"2026-01-14T14:22:40","slug":"hp-probook-640-g5-core-i5-8th-256-gb-ssd-8-gb-ram-ddr4","status":"publish","type":"product","link":"https:\/\/www.rodasil-angola.com\/loja\/produto\/hp-probook-640-g5-core-i5-8th-256-gb-ssd-8-gb-ram-ddr4\/","title":{"rendered":"HP PROBOOK 640 G5 CORE I5 8TH 256 GB SSD 8 GB RAM DDR4"},"content":{"rendered":"<table class=\"table\" style=\"height: 805px\" width=\"669\">\n<tbody>\n<tr class=\"compont d-flex\">\n<td class=\"col-12 col-md-4\">Processador<\/td>\n<td class=\"col-12 col-md-8 text-md-end\">Intel Core i5 8365U 1.6 GHz.<\/td>\n<\/tr>\n<tr class=\"compont d-flex\">\n<td class=\"col-12 col-md-4\">Mem\u00f3ria RAM<\/td>\n<td class=\"col-12 col-md-8 text-md-end\">8 Gb. SO-DDR4 RAM<\/td>\n<\/tr>\n<tr class=\"compont d-flex\">\n<td class=\"col-12 col-md-4\">Disco r\u00edgido<\/td>\n<td class=\"col-12 col-md-8 text-md-end\">256 Gb. SSD M2<\/td>\n<\/tr>\n<tr class=\"compont d-flex\">\n<td class=\"col-12 col-md-4\">Cart\u00f5es<\/td>\n<td class=\"col-12 col-md-8 text-md-end\">Placa gr\u00e1fica: Intel UHD Graphics 620, Som: Realtek Audio, Network: NTEL ETHERNET CONNECTION I219-LM<\/td>\n<\/tr>\n<tr class=\"compont d-flex\">\n<td class=\"col-12 col-md-4\">Sistema operativo<\/td>\n<td class=\"col-12 col-md-8 text-md-end\">Windows 10 Pro<\/td>\n<\/tr>\n<tr class=\"compont d-flex\">\n<td class=\"col-12 col-md-4\">Portos<\/td>\n<td class=\"col-12 col-md-8 text-md-end\">1x USB-C, 3x USB 3.1<\/td>\n<\/tr>\n<tr class=\"compont d-flex\">\n<td class=\"col-12 col-md-4\">Tela<\/td>\n<td class=\"col-12 col-md-8 text-md-end\">IPS 14 &#8221; FullHD 16:10 \u00b7 Resolu\u00e7\u00e3o 1920&#215;1080<\/td>\n<\/tr>\n<tr class=\"compont d-flex\">\n<td class=\"col-12 col-md-4\">Portas de v\u00eddeo<\/td>\n<td class=\"col-12 col-md-8 text-md-end\">1x VGA, 1x HDMI<\/td>\n<\/tr>\n<tr class=\"compont d-flex\">\n<td class=\"col-12 col-md-4\">Multim\u00eddia<\/td>\n<td class=\"col-12 col-md-8 text-md-end\">Webcam, Leitor SD, Leitor impress\u00f5es digitais, Leitor DNI<\/td>\n<\/tr>\n<tr class=\"compont d-flex\">\n<td class=\"col-12 col-md-4\">Conectividade<\/td>\n<td class=\"col-12 col-md-8 text-md-end\">1x RJ-45, WIFI, Bluetooth<\/td>\n<\/tr>\n<tr class=\"compont d-flex\">\n<td class=\"col-12 col-md-4\">Espec\u00edfico laptop<\/td>\n<td class=\"col-12 col-md-8 text-md-end\">Layout do teclado Internacional (adesivos espanhol)<\/td>\n<\/tr>\n<tr class=\"compont d-flex\">\n<td class=\"col-12 col-md-4\">Dimens\u00f5es<\/td>\n<td class=\"col-12 col-md-8 text-md-end\">34x24x2 cm.<\/td>\n<\/tr>\n<tr class=\"compont d-flex\">\n<td class=\"col-12 col-md-4\">Peso<\/td>\n<td class=\"col-12 col-md-8 text-md-end\">1.70 Kg.<\/td>\n<\/tr>\n<\/tbody>\n<\/table>\n","protected":false},"excerpt":{"rendered":"<p>Processador Intel Core i5 8365U 1.6 GHz. Mem\u00f3ria RAM 8 Gb. SO-DDR4 RAM Disco r\u00edgido 256 Gb. SSD M2 Cart\u00f5es Placa gr\u00e1fica: Intel UHD Graphics 620, Som: Realtek Audio, Network: NTEL ETHERNET CONNECTION I219-LM Sistema operativo Windows 10 Pro Portos 1x USB-C, 3x USB 3.1 Tela IPS 14 &#8221; FullHD 16:10 \u00b7 Resolu\u00e7\u00e3o 1920&#215;1080 Portas [&hellip;]<\/p>\n","protected":false},"featured_media":2189,"comment_status":"closed","ping_status":"closed","template":"","meta":[],"product_brand":[],"product_cat":[52],"product_tag":[],"class_list":{"0":"post-2109","1":"product","2":"type-product","3":"status-publish","4":"has-post-thumbnail","6":"product_cat-informatica","8":"first","9":"instock","10":"sale","11":"shipping-taxable","12":"purchasable","13":"product-type-simple"},"_links":{"self":[{"href":"https:\/\/www.rodasil-angola.com\/loja\/wp-json\/wp\/v2\/product\/2109","targetHints":{"allow":["GET"]}}],"collection":[{"href":"https:\/\/www.rodasil-angola.com\/loja\/wp-json\/wp\/v2\/product"}],"about":[{"href":"https:\/\/www.rodasil-angola.com\/loja\/wp-json\/wp\/v2\/types\/product"}],"replies":[{"embeddable":true,"href":"https:\/\/www.rodasil-angola.com\/loja\/wp-json\/wp\/v2\/comments?post=2109"}],"version-history":[{"count":1,"href":"https:\/\/www.rodasil-angola.com\/loja\/wp-json\/wp\/v2\/product\/2109\/revisions"}],"predecessor-version":[{"id":2111,"href":"https:\/\/www.rodasil-angola.com\/loja\/wp-json\/wp\/v2\/product\/2109\/revisions\/2111"}],"wp:featuredmedia":[{"embeddable":true,"href":"https:\/\/www.rodasil-angola.com\/loja\/wp-json\/wp\/v2\/media\/2189"}],"wp:attachment":[{"href":"https:\/\/www.rodasil-angola.com\/loja\/wp-json\/wp\/v2\/media?parent=2109"}],"wp:term":[{"taxonomy":"product_brand","embeddable":true,"href":"https:\/\/www.rodasil-angola.com\/loja\/wp-json\/wp\/v2\/product_brand?post=2109"},{"taxonomy":"product_cat","embeddable":true,"href":"https:\/\/www.rodasil-angola.com\/loja\/wp-json\/wp\/v2\/product_cat?post=2109"},{"taxonomy":"product_tag","embeddable":true,"href":"https:\/\/www.rodasil-angola.com\/loja\/wp-json\/wp\/v2\/product_tag?post=2109"}],"curies":[{"name":"wp","href":"https:\/\/api.w.org\/{rel}","templated":true}]}}