{"id":2069,"date":"2025-03-04T13:38:45","date_gmt":"2025-03-04T16:38:45","guid":{"rendered":"https:\/\/www.rodasil-angola.com\/loja\/?post_type=product&#038;p=2069"},"modified":"2025-03-04T16:26:26","modified_gmt":"2025-03-04T19:26:26","slug":"kit-de-facturacao-pc-all-in-one-impressora-termica-e-sistema-de-faturacao-e-gestao-certificado-pela-agt","status":"publish","type":"product","link":"https:\/\/www.rodasil-angola.com\/loja\/produto\/kit-de-facturacao-pc-all-in-one-impressora-termica-e-sistema-de-faturacao-e-gestao-certificado-pela-agt\/","title":{"rendered":"Kit de Factura\u00e7\u00e3o, PC All in one, Impressora t\u00e9rmica e Sistema de fatura\u00e7\u00e3o e gest\u00e3o certificado pela AGT"},"content":{"rendered":"<p>\ud83d\udd25 Super Oferta Rodasil! \ud83d\udd25<\/p>\n<p>Garanta j\u00e1 o seu pacote completo que inclui:<\/p>\n<p>1\ufe0f\u20e3 Computador All in One Lenovo ou Dell 4GB RAM 500GB HD WINDOWS 10<br \/>\n2\ufe0f\u20e3 Impressora T\u00e9rmica para factura<br \/>\n3\ufe0f\u20e3 Sistema de Fatura\u00e7\u00e3o certificado pela AGT com licen\u00e7a gr\u00e1tis por 1 ano<\/p>\n<p>\ud83d\udcbb Instala\u00e7\u00e3o e forma\u00e7\u00e3o GR\u00c1TIS!<br \/>\n\ud83d\udca5 \u00daltimas unidades por apenas Valor: 300.000 Kz<br \/>\n\ud83d\udcb0 Pagamento no ato da entrega<\/p>\n","protected":false},"excerpt":{"rendered":"<p>\ud83d\udd25 Super Oferta Rodasil! \ud83d\udd25 Garanta j\u00e1 o seu pacote completo que inclui: 1\ufe0f\u20e3 Computador All in One Lenovo ou Dell 4GB RAM 500GB HD WINDOWS 10 2\ufe0f\u20e3 Impressora T\u00e9rmica para factura 3\ufe0f\u20e3 Sistema de Fatura\u00e7\u00e3o certificado pela AGT com licen\u00e7a gr\u00e1tis por 1 ano \ud83d\udcbb Instala\u00e7\u00e3o e forma\u00e7\u00e3o GR\u00c1TIS! \ud83d\udca5 \u00daltimas unidades por apenas [&hellip;]<\/p>\n","protected":false},"featured_media":2070,"comment_status":"closed","ping_status":"closed","template":"","meta":[],"product_brand":[],"product_cat":[52],"product_tag":[],"class_list":{"0":"post-2069","1":"product","2":"type-product","3":"status-publish","4":"has-post-thumbnail","6":"product_cat-informatica","8":"first","9":"instock","10":"sale","11":"shipping-taxable","12":"purchasable","13":"product-type-simple"},"_links":{"self":[{"href":"https:\/\/www.rodasil-angola.com\/loja\/wp-json\/wp\/v2\/product\/2069","targetHints":{"allow":["GET"]}}],"collection":[{"href":"https:\/\/www.rodasil-angola.com\/loja\/wp-json\/wp\/v2\/product"}],"about":[{"href":"https:\/\/www.rodasil-angola.com\/loja\/wp-json\/wp\/v2\/types\/product"}],"replies":[{"embeddable":true,"href":"https:\/\/www.rodasil-angola.com\/loja\/wp-json\/wp\/v2\/comments?post=2069"}],"version-history":[{"count":2,"href":"https:\/\/www.rodasil-angola.com\/loja\/wp-json\/wp\/v2\/product\/2069\/revisions"}],"predecessor-version":[{"id":2077,"href":"https:\/\/www.rodasil-angola.com\/loja\/wp-json\/wp\/v2\/product\/2069\/revisions\/2077"}],"wp:featuredmedia":[{"embeddable":true,"href":"https:\/\/www.rodasil-angola.com\/loja\/wp-json\/wp\/v2\/media\/2070"}],"wp:attachment":[{"href":"https:\/\/www.rodasil-angola.com\/loja\/wp-json\/wp\/v2\/media?parent=2069"}],"wp:term":[{"taxonomy":"product_brand","embeddable":true,"href":"https:\/\/www.rodasil-angola.com\/loja\/wp-json\/wp\/v2\/product_brand?post=2069"},{"taxonomy":"product_cat","embeddable":true,"href":"https:\/\/www.rodasil-angola.com\/loja\/wp-json\/wp\/v2\/product_cat?post=2069"},{"taxonomy":"product_tag","embeddable":true,"href":"https:\/\/www.rodasil-angola.com\/loja\/wp-json\/wp\/v2\/product_tag?post=2069"}],"curies":[{"name":"wp","href":"https:\/\/api.w.org\/{rel}","templated":true}]}}