{"id":1994,"date":"2024-11-07T20:38:14","date_gmt":"2024-11-07T23:38:14","guid":{"rendered":"https:\/\/www.rodasil-angola.com\/loja\/?post_type=product&#038;p=1994"},"modified":"2025-03-03T07:46:15","modified_gmt":"2025-03-03T10:46:15","slug":"dell-latitude-3180","status":"publish","type":"product","link":"https:\/\/www.rodasil-angola.com\/loja\/produto\/dell-latitude-3180\/","title":{"rendered":"Dell Latitude 3180"},"content":{"rendered":"<p>Marca Dell<br \/>\nNome do modelo chromebook 3180<br \/>\nTamanho da tela 11,6 Polegadas<br \/>\nCor Preto<br \/>\nTamanho do disco r\u00edgido 64 GB<br \/>\nModelo da CPU Celeron N3350<br \/>\nTamanho instalado da mem\u00f3ria RAM 4 GB<br \/>\nSistema operacional Windows 10 Pro<br \/>\nCaracter\u00edsticas especiais n\u00e3o<br \/>\nDescri\u00e7\u00e3o da placa de v\u00eddeo Integrado<\/p>\n","protected":false},"excerpt":{"rendered":"<p>Marca Dell Nome do modelo chromebook 3180 Tamanho da tela 11,6 Polegadas Cor Preto Tamanho do disco r\u00edgido 64 GB Modelo da CPU Celeron N3350 Tamanho instalado da mem\u00f3ria RAM 4 GB Sistema operacional Windows 10 Pro Caracter\u00edsticas especiais n\u00e3o Descri\u00e7\u00e3o da placa de v\u00eddeo Integrado<\/p>\n","protected":false},"featured_media":1997,"comment_status":"closed","ping_status":"closed","template":"","meta":[],"product_brand":[],"product_cat":[52],"product_tag":[],"class_list":{"0":"post-1994","1":"product","2":"type-product","3":"status-publish","4":"has-post-thumbnail","6":"product_cat-informatica","8":"first","9":"instock","10":"sale","11":"shipping-taxable","12":"purchasable","13":"product-type-simple"},"_links":{"self":[{"href":"https:\/\/www.rodasil-angola.com\/loja\/wp-json\/wp\/v2\/product\/1994","targetHints":{"allow":["GET"]}}],"collection":[{"href":"https:\/\/www.rodasil-angola.com\/loja\/wp-json\/wp\/v2\/product"}],"about":[{"href":"https:\/\/www.rodasil-angola.com\/loja\/wp-json\/wp\/v2\/types\/product"}],"replies":[{"embeddable":true,"href":"https:\/\/www.rodasil-angola.com\/loja\/wp-json\/wp\/v2\/comments?post=1994"}],"version-history":[{"count":1,"href":"https:\/\/www.rodasil-angola.com\/loja\/wp-json\/wp\/v2\/product\/1994\/revisions"}],"predecessor-version":[{"id":1998,"href":"https:\/\/www.rodasil-angola.com\/loja\/wp-json\/wp\/v2\/product\/1994\/revisions\/1998"}],"wp:featuredmedia":[{"embeddable":true,"href":"https:\/\/www.rodasil-angola.com\/loja\/wp-json\/wp\/v2\/media\/1997"}],"wp:attachment":[{"href":"https:\/\/www.rodasil-angola.com\/loja\/wp-json\/wp\/v2\/media?parent=1994"}],"wp:term":[{"taxonomy":"product_brand","embeddable":true,"href":"https:\/\/www.rodasil-angola.com\/loja\/wp-json\/wp\/v2\/product_brand?post=1994"},{"taxonomy":"product_cat","embeddable":true,"href":"https:\/\/www.rodasil-angola.com\/loja\/wp-json\/wp\/v2\/product_cat?post=1994"},{"taxonomy":"product_tag","embeddable":true,"href":"https:\/\/www.rodasil-angola.com\/loja\/wp-json\/wp\/v2\/product_tag?post=1994"}],"curies":[{"name":"wp","href":"https:\/\/api.w.org\/{rel}","templated":true}]}}